{"id":7,"date":"2024-05-16T09:42:16","date_gmt":"2024-05-16T09:42:16","guid":{"rendered":"https:\/\/kurs.berggardamundsen.no\/?page_id=7"},"modified":"2024-05-16T09:42:49","modified_gmt":"2024-05-16T09:42:49","slug":"7-2","status":"publish","type":"page","link":"https:\/\/kurs.berggardamundsen.no\/","title":{"rendered":""},"content":{"rendered":"\n<div id=\"checkin_event_index\"><\/div>\n<script> \ndocument.customerId = 14836;\ndocument.calendarConfig = { \n  includeSubUnits: true, \n  filters: [{\n    name: 'Place',\n    filterField: 'EVENT_ORGANIZER',\n    options: [{\n        label: '\u00d8stlandet',\n        value: ['Bergg\u00e5rd Amundsen & Co AS', 'Asker', 'Oslo', 'Buskerud', 'Follo', 'Romerike', 'Moss', 'Fredrikstad', 'Lillehammer', 'Hamar', 'Larvik', 'T\u00f8nsberg'],\n      },\n      {\n        label: 'Stor-Oslo',\n        value: ['Bergg\u00e5rd Amundsen & Co AS', 'Asker', 'Oslo', 'Follo', 'Romerike', 'Moss'],\n      },\n      {\n        label: 'Vestfold og Telemark',\n        value: ['Larvik', 'T\u00f8nsberg', 'Telemark'],\n      },\n      {\n        label: 'S\u00f8rlandet',\n        value: ['Telemark', 'Larvik', 'S\u00f8rlandets Elektro Engros AS'],\n      },\n      {\n        label: 'Vestlandet',\n        value: ['Kristiansund', 'Stavanger', 'Bergen', '\u00c5lesund', 'Molde'],\n      },\n      {\n        label: 'Midt-Norge',\n        value: ['Molde', 'Kristiansund', 'Trondheim'],\n      },\n      {\n        label: 'Nord-Norge',\n        value: ['Sortland', 'Bod\u00f8', 'Finnsnes', 'Harstad', 'Narvik', 'Mosj\u00f8en', 'Troms\u00f8'],\n      },\n    ],\n    translation: {\n      Place: {\n        nb: 'Omr\u00e5de',\n        en: 'Area',\n        nbPlural: 'Omr\u00e5der',\n        enPlural: 'Areas',\n      },\n    },\n  }],\n  openRegistrationModal: false, \n  view: 'TILE', \n  showSearch: true, \n  showTopics: true, \n  showViewToggle: true, \n  showOnlyForm: false, \n  language: 'nb', \n  topics: null, \n  style: {\n  searchButtonBgColor: 'rgba(11, 54, 96, 1)',\n  searchButtonTextColor:  'rgba(255, 255, 255, 1)',\n  searchButtonBorderRadius:  3,\n  topicBadgeBgColor: 'rgba(11, 54, 96, 1)',\n  topicBadgeTextColor: 'rgba(255, 255, 255, 1)',\n  topicBadgeBorderRadius: 3,\n  headerTextColor: 'rgba(11, 54, 96, 1)',\n  bodyTextColor: 'rgba(28, 43, 57, 1)',\n  backgroundColor: 'rgba(255, 255, 255, 1)',\n  eventTileColor: 'rgba(28, 43, 57, 0)'\n  }\n}\n<\/script>\n<script async src=\"https:\/\/static.checkin.no\/loaders\/eventindex\/loader.js\"><\/script>\n\n<style>\n.page__main>.wysiwyg {<br \/>\n    max-width: 1100px;<br \/>\n}<br \/>\n.checkin-eventindex .image-frame > img {<br \/>\n    object-fit: contain !important;<br \/>\n    width: 100% !important;<br \/>\n    height: 139px;<br \/>\n}<br \/>\n#checkin_event_index .event-tile {<br \/>\n    border-radius: 14px;<br \/>\n    overflow: hidden;<br \/>\n}<br \/>\n<\/style>\n","protected":false},"excerpt":{"rendered":"","protected":false},"author":1,"featured_media":0,"parent":0,"menu_order":0,"comment_status":"closed","ping_status":"closed","template":"","meta":{"inline_featured_image":false,"site-sidebar-layout":"default","site-content-layout":"","ast-site-content-layout":"","site-content-style":"default","site-sidebar-style":"default","ast-global-header-display":"","ast-banner-title-visibility":"","ast-main-header-display":"","ast-hfb-above-header-display":"","ast-hfb-below-header-display":"","ast-hfb-mobile-header-display":"","site-post-title":"","ast-breadcrumbs-content":"","ast-featured-img":"","footer-sml-layout":"","theme-transparent-header-meta":"","adv-header-id-meta":"","stick-header-meta":"","header-above-stick-meta":"","header-main-stick-meta":"","header-below-stick-meta":"","astra-migrate-meta-layouts":"default","ast-page-background-enabled":"default","ast-page-background-meta":{"desktop":{"background-color":"var(--ast-global-color-4)","background-image":"","background-repeat":"repeat","background-position":"center center","background-size":"auto","background-attachment":"scroll","background-type":"","background-media":"","overlay-type":"","overlay-color":"","overlay-gradient":""},"tablet":{"background-color":"","background-image":"","background-repeat":"repeat","background-position":"center center","background-size":"auto","background-attachment":"scroll","background-type":"","background-media":"","overlay-type":"","overlay-color":"","overlay-gradient":""},"mobile":{"background-color":"","background-image":"","background-repeat":"repeat","background-position":"center center","background-size":"auto","background-attachment":"scroll","background-type":"","background-media":"","overlay-type":"","overlay-color":"","overlay-gradient":""}},"ast-content-background-meta":{"desktop":{"background-color":"var(--ast-global-color-5)","background-image":"","background-repeat":"repeat","background-position":"center center","background-size":"auto","background-attachment":"scroll","background-type":"","background-media":"","overlay-type":"","overlay-color":"","overlay-gradient":""},"tablet":{"background-color":"var(--ast-global-color-5)","background-image":"","background-repeat":"repeat","background-position":"center center","background-size":"auto","background-attachment":"scroll","background-type":"","background-media":"","overlay-type":"","overlay-color":"","overlay-gradient":""},"mobile":{"background-color":"var(--ast-global-color-5)","background-image":"","background-repeat":"repeat","background-position":"center center","background-size":"auto","background-attachment":"scroll","background-type":"","background-media":"","overlay-type":"","overlay-color":"","overlay-gradient":""}},"footnotes":""},"class_list":["post-7","page","type-page","status-publish","hentry"],"_links":{"self":[{"href":"https:\/\/kurs.berggardamundsen.no\/index.php?rest_route=\/wp\/v2\/pages\/7","targetHints":{"allow":["GET"]}}],"collection":[{"href":"https:\/\/kurs.berggardamundsen.no\/index.php?rest_route=\/wp\/v2\/pages"}],"about":[{"href":"https:\/\/kurs.berggardamundsen.no\/index.php?rest_route=\/wp\/v2\/types\/page"}],"author":[{"embeddable":true,"href":"https:\/\/kurs.berggardamundsen.no\/index.php?rest_route=\/wp\/v2\/users\/1"}],"replies":[{"embeddable":true,"href":"https:\/\/kurs.berggardamundsen.no\/index.php?rest_route=%2Fwp%2Fv2%2Fcomments&post=7"}],"version-history":[{"count":3,"href":"https:\/\/kurs.berggardamundsen.no\/index.php?rest_route=\/wp\/v2\/pages\/7\/revisions"}],"predecessor-version":[{"id":62,"href":"https:\/\/kurs.berggardamundsen.no\/index.php?rest_route=\/wp\/v2\/pages\/7\/revisions\/62"}],"wp:attachment":[{"href":"https:\/\/kurs.berggardamundsen.no\/index.php?rest_route=%2Fwp%2Fv2%2Fmedia&parent=7"}],"curies":[{"name":"wp","href":"https:\/\/api.w.org\/{rel}","templated":true}]}}